{"id":1457,"date":"2020-01-23T11:17:32","date_gmt":"2020-01-23T10:17:32","guid":{"rendered":"https:\/\/www.chateau-larose-trintaudon.fr\/chateau-arnauld\/2015-2\/"},"modified":"2020-06-23T16:42:20","modified_gmt":"2020-06-23T14:42:20","slug":"vintage-2015","status":"publish","type":"page","link":"https:\/\/www.chateau-larose-trintaudon.fr\/en\/les-hauts-de-trintaudon\/vintage-2015\/","title":{"rendered":"2015"},"content":{"rendered":"","protected":false},"excerpt":{"rendered":"","protected":false},"author":2,"featured_media":0,"parent":1410,"menu_order":0,"comment_status":"closed","ping_status":"closed","template":"page-vin-millesime.php","meta":{"_acf_changed":false,"footnotes":""},"class_list":["post-1457","page","type-page","status-publish","hentry"],"acf":[],"yoast_head":"<!-- This site is optimized with the Yoast SEO plugin v27.4 - https:\/\/yoast.com\/product\/yoast-seo-wordpress\/ -->\n<title>2015 - Ch\u00e2teau Larose-Trintaudon<\/title>\n<meta name=\"description\" content=\"Issu des jeunes vignes de la propri\u00e9t\u00e9 et d\u2019une vinification \u00e0 basse temp\u00e9rature afin de privil\u00e9gier fruit et suavit\u00e9 des tanins Couleur rubis avec quelques petites notes tuil\u00e9es. Les ar\u00f4mes de fruits rouges frais se marient avec des notes subtiles de coco et tabac blond apport\u00e9es par une fin d\u2019\u00e9levage bois\u00e9e. En bouche, de la rondeur, du fruit et une structure tannique mod\u00e9r\u00e9e donne une sensation de moelleux et d\u2019onctuosit\u00e9 \u00e0 l\u2019ensemble.\" \/>\n<meta name=\"robots\" content=\"index, follow, max-snippet:-1, max-image-preview:large, max-video-preview:-1\" \/>\n<link rel=\"canonical\" href=\"http:\/\/www.chateau-larose-trintaudon.fr\/en\/les-hauts-de-trintaudon\/vintage-2015\/\" \/>\n<meta property=\"og:locale\" content=\"en_US\" \/>\n<meta property=\"og:type\" content=\"article\" \/>\n<meta property=\"og:title\" content=\"2015 - Ch\u00e2teau Larose-Trintaudon\" \/>\n<meta property=\"og:description\" content=\"Issu des jeunes vignes de la propri\u00e9t\u00e9 et d\u2019une vinification \u00e0 basse temp\u00e9rature afin de privil\u00e9gier fruit et suavit\u00e9 des tanins Couleur rubis avec quelques petites notes tuil\u00e9es. Les ar\u00f4mes de fruits rouges frais se marient avec des notes subtiles de coco et tabac blond apport\u00e9es par une fin d\u2019\u00e9levage bois\u00e9e. En bouche, de la rondeur, du fruit et une structure tannique mod\u00e9r\u00e9e donne une sensation de moelleux et d\u2019onctuosit\u00e9 \u00e0 l\u2019ensemble.\" \/>\n<meta property=\"og:url\" content=\"http:\/\/www.chateau-larose-trintaudon.fr\/en\/les-hauts-de-trintaudon\/vintage-2015\/\" \/>\n<meta property=\"og:site_name\" content=\"Ch\u00e2teau Larose-Trintaudon\" \/>\n<meta property=\"article:modified_time\" content=\"2020-06-23T14:42:20+00:00\" \/>\n<meta name=\"twitter:card\" content=\"summary_large_image\" \/>\n<script type=\"application\/ld+json\" class=\"yoast-schema-graph\">{\"@context\":\"https:\\\/\\\/schema.org\",\"@graph\":[{\"@type\":\"WebPage\",\"@id\":\"http:\\\/\\\/www.chateau-larose-trintaudon.fr\\\/en\\\/les-hauts-de-trintaudon\\\/vintage-2015\\\/\",\"url\":\"http:\\\/\\\/www.chateau-larose-trintaudon.fr\\\/en\\\/les-hauts-de-trintaudon\\\/vintage-2015\\\/\",\"name\":\"2015 - Ch\u00e2teau Larose-Trintaudon\",\"isPartOf\":{\"@id\":\"https:\\\/\\\/www.chateau-larose-trintaudon.fr\\\/en\\\/#website\"},\"datePublished\":\"2020-01-23T10:17:32+00:00\",\"dateModified\":\"2020-06-23T14:42:20+00:00\",\"description\":\"Issu des jeunes vignes de la propri\u00e9t\u00e9 et d\u2019une vinification \u00e0 basse temp\u00e9rature afin de privil\u00e9gier fruit et suavit\u00e9 des tanins Couleur rubis avec quelques petites notes tuil\u00e9es. Les ar\u00f4mes de fruits rouges frais se marient avec des notes subtiles de coco et tabac blond apport\u00e9es par une fin d\u2019\u00e9levage bois\u00e9e. En bouche, de la rondeur, du fruit et une structure tannique mod\u00e9r\u00e9e donne une sensation de moelleux et d\u2019onctuosit\u00e9 \u00e0 l\u2019ensemble.\",\"breadcrumb\":{\"@id\":\"http:\\\/\\\/www.chateau-larose-trintaudon.fr\\\/en\\\/les-hauts-de-trintaudon\\\/vintage-2015\\\/#breadcrumb\"},\"inLanguage\":\"en-US\",\"potentialAction\":[{\"@type\":\"ReadAction\",\"target\":[\"http:\\\/\\\/www.chateau-larose-trintaudon.fr\\\/en\\\/les-hauts-de-trintaudon\\\/vintage-2015\\\/\"]}]},{\"@type\":\"BreadcrumbList\",\"@id\":\"http:\\\/\\\/www.chateau-larose-trintaudon.fr\\\/en\\\/les-hauts-de-trintaudon\\\/vintage-2015\\\/#breadcrumb\",\"itemListElement\":[{\"@type\":\"ListItem\",\"position\":1,\"name\":\"Accueil\",\"item\":\"https:\\\/\\\/www.chateau-larose-trintaudon.fr\\\/en\\\/\"},{\"@type\":\"ListItem\",\"position\":2,\"name\":\"Les Hauts de Trintaudon\",\"item\":\"https:\\\/\\\/www.chateau-larose-trintaudon.fr\\\/en\\\/les-hauts-de-trintaudon\\\/\"},{\"@type\":\"ListItem\",\"position\":3,\"name\":\"2015\"}]},{\"@type\":\"WebSite\",\"@id\":\"https:\\\/\\\/www.chateau-larose-trintaudon.fr\\\/en\\\/#website\",\"url\":\"https:\\\/\\\/www.chateau-larose-trintaudon.fr\\\/en\\\/\",\"name\":\"Ch\u00e2teau Larose-Trintaudon\",\"description\":\"Cru Bourgeois Sup\u00e9rieur\",\"publisher\":{\"@id\":\"https:\\\/\\\/www.chateau-larose-trintaudon.fr\\\/en\\\/#organization\"},\"potentialAction\":[{\"@type\":\"SearchAction\",\"target\":{\"@type\":\"EntryPoint\",\"urlTemplate\":\"https:\\\/\\\/www.chateau-larose-trintaudon.fr\\\/en\\\/?s={search_term_string}\"},\"query-input\":{\"@type\":\"PropertyValueSpecification\",\"valueRequired\":true,\"valueName\":\"search_term_string\"}}],\"inLanguage\":\"en-US\"},{\"@type\":\"Organization\",\"@id\":\"https:\\\/\\\/www.chateau-larose-trintaudon.fr\\\/en\\\/#organization\",\"name\":\"Ch\u00e2teau Larose Trintaudon, Vignobles de Larose\",\"url\":\"https:\\\/\\\/www.chateau-larose-trintaudon.fr\\\/en\\\/\",\"logo\":{\"@type\":\"ImageObject\",\"inLanguage\":\"en-US\",\"@id\":\"https:\\\/\\\/www.chateau-larose-trintaudon.fr\\\/en\\\/#\\\/schema\\\/logo\\\/image\\\/\",\"url\":\"https:\\\/\\\/www.chateau-larose-trintaudon.fr\\\/wp-content\\\/uploads\\\/2020\\\/05\\\/logo.svg\",\"contentUrl\":\"https:\\\/\\\/www.chateau-larose-trintaudon.fr\\\/wp-content\\\/uploads\\\/2020\\\/05\\\/logo.svg\",\"width\":1,\"height\":1,\"caption\":\"Ch\u00e2teau Larose Trintaudon, Vignobles de Larose\"},\"image\":{\"@id\":\"https:\\\/\\\/www.chateau-larose-trintaudon.fr\\\/en\\\/#\\\/schema\\\/logo\\\/image\\\/\"}}]}<\/script>\n<!-- \/ Yoast SEO plugin. -->","yoast_head_json":{"title":"2015 - Ch\u00e2teau Larose-Trintaudon","description":"Issu des jeunes vignes de la propri\u00e9t\u00e9 et d\u2019une vinification \u00e0 basse temp\u00e9rature afin de privil\u00e9gier fruit et suavit\u00e9 des tanins Couleur rubis avec quelques petites notes tuil\u00e9es. Les ar\u00f4mes de fruits rouges frais se marient avec des notes subtiles de coco et tabac blond apport\u00e9es par une fin d\u2019\u00e9levage bois\u00e9e. En bouche, de la rondeur, du fruit et une structure tannique mod\u00e9r\u00e9e donne une sensation de moelleux et d\u2019onctuosit\u00e9 \u00e0 l\u2019ensemble.","robots":{"index":"index","follow":"follow","max-snippet":"max-snippet:-1","max-image-preview":"max-image-preview:large","max-video-preview":"max-video-preview:-1"},"canonical":"http:\/\/www.chateau-larose-trintaudon.fr\/en\/les-hauts-de-trintaudon\/vintage-2015\/","og_locale":"en_US","og_type":"article","og_title":"2015 - Ch\u00e2teau Larose-Trintaudon","og_description":"Issu des jeunes vignes de la propri\u00e9t\u00e9 et d\u2019une vinification \u00e0 basse temp\u00e9rature afin de privil\u00e9gier fruit et suavit\u00e9 des tanins Couleur rubis avec quelques petites notes tuil\u00e9es. Les ar\u00f4mes de fruits rouges frais se marient avec des notes subtiles de coco et tabac blond apport\u00e9es par une fin d\u2019\u00e9levage bois\u00e9e. En bouche, de la rondeur, du fruit et une structure tannique mod\u00e9r\u00e9e donne une sensation de moelleux et d\u2019onctuosit\u00e9 \u00e0 l\u2019ensemble.","og_url":"http:\/\/www.chateau-larose-trintaudon.fr\/en\/les-hauts-de-trintaudon\/vintage-2015\/","og_site_name":"Ch\u00e2teau Larose-Trintaudon","article_modified_time":"2020-06-23T14:42:20+00:00","twitter_card":"summary_large_image","schema":{"@context":"https:\/\/schema.org","@graph":[{"@type":"WebPage","@id":"http:\/\/www.chateau-larose-trintaudon.fr\/en\/les-hauts-de-trintaudon\/vintage-2015\/","url":"http:\/\/www.chateau-larose-trintaudon.fr\/en\/les-hauts-de-trintaudon\/vintage-2015\/","name":"2015 - Ch\u00e2teau Larose-Trintaudon","isPartOf":{"@id":"https:\/\/www.chateau-larose-trintaudon.fr\/en\/#website"},"datePublished":"2020-01-23T10:17:32+00:00","dateModified":"2020-06-23T14:42:20+00:00","description":"Issu des jeunes vignes de la propri\u00e9t\u00e9 et d\u2019une vinification \u00e0 basse temp\u00e9rature afin de privil\u00e9gier fruit et suavit\u00e9 des tanins Couleur rubis avec quelques petites notes tuil\u00e9es. Les ar\u00f4mes de fruits rouges frais se marient avec des notes subtiles de coco et tabac blond apport\u00e9es par une fin d\u2019\u00e9levage bois\u00e9e. En bouche, de la rondeur, du fruit et une structure tannique mod\u00e9r\u00e9e donne une sensation de moelleux et d\u2019onctuosit\u00e9 \u00e0 l\u2019ensemble.","breadcrumb":{"@id":"http:\/\/www.chateau-larose-trintaudon.fr\/en\/les-hauts-de-trintaudon\/vintage-2015\/#breadcrumb"},"inLanguage":"en-US","potentialAction":[{"@type":"ReadAction","target":["http:\/\/www.chateau-larose-trintaudon.fr\/en\/les-hauts-de-trintaudon\/vintage-2015\/"]}]},{"@type":"BreadcrumbList","@id":"http:\/\/www.chateau-larose-trintaudon.fr\/en\/les-hauts-de-trintaudon\/vintage-2015\/#breadcrumb","itemListElement":[{"@type":"ListItem","position":1,"name":"Accueil","item":"https:\/\/www.chateau-larose-trintaudon.fr\/en\/"},{"@type":"ListItem","position":2,"name":"Les Hauts de Trintaudon","item":"https:\/\/www.chateau-larose-trintaudon.fr\/en\/les-hauts-de-trintaudon\/"},{"@type":"ListItem","position":3,"name":"2015"}]},{"@type":"WebSite","@id":"https:\/\/www.chateau-larose-trintaudon.fr\/en\/#website","url":"https:\/\/www.chateau-larose-trintaudon.fr\/en\/","name":"Ch\u00e2teau Larose-Trintaudon","description":"Cru Bourgeois Sup\u00e9rieur","publisher":{"@id":"https:\/\/www.chateau-larose-trintaudon.fr\/en\/#organization"},"potentialAction":[{"@type":"SearchAction","target":{"@type":"EntryPoint","urlTemplate":"https:\/\/www.chateau-larose-trintaudon.fr\/en\/?s={search_term_string}"},"query-input":{"@type":"PropertyValueSpecification","valueRequired":true,"valueName":"search_term_string"}}],"inLanguage":"en-US"},{"@type":"Organization","@id":"https:\/\/www.chateau-larose-trintaudon.fr\/en\/#organization","name":"Ch\u00e2teau Larose Trintaudon, Vignobles de Larose","url":"https:\/\/www.chateau-larose-trintaudon.fr\/en\/","logo":{"@type":"ImageObject","inLanguage":"en-US","@id":"https:\/\/www.chateau-larose-trintaudon.fr\/en\/#\/schema\/logo\/image\/","url":"https:\/\/www.chateau-larose-trintaudon.fr\/wp-content\/uploads\/2020\/05\/logo.svg","contentUrl":"https:\/\/www.chateau-larose-trintaudon.fr\/wp-content\/uploads\/2020\/05\/logo.svg","width":1,"height":1,"caption":"Ch\u00e2teau Larose Trintaudon, Vignobles de Larose"},"image":{"@id":"https:\/\/www.chateau-larose-trintaudon.fr\/en\/#\/schema\/logo\/image\/"}}]}},"_links":{"self":[{"href":"https:\/\/www.chateau-larose-trintaudon.fr\/en\/wp-json\/wp\/v2\/pages\/1457","targetHints":{"allow":["GET"]}}],"collection":[{"href":"https:\/\/www.chateau-larose-trintaudon.fr\/en\/wp-json\/wp\/v2\/pages"}],"about":[{"href":"https:\/\/www.chateau-larose-trintaudon.fr\/en\/wp-json\/wp\/v2\/types\/page"}],"author":[{"embeddable":true,"href":"https:\/\/www.chateau-larose-trintaudon.fr\/en\/wp-json\/wp\/v2\/users\/2"}],"replies":[{"embeddable":true,"href":"https:\/\/www.chateau-larose-trintaudon.fr\/en\/wp-json\/wp\/v2\/comments?post=1457"}],"version-history":[{"count":14,"href":"https:\/\/www.chateau-larose-trintaudon.fr\/en\/wp-json\/wp\/v2\/pages\/1457\/revisions"}],"predecessor-version":[{"id":2861,"href":"https:\/\/www.chateau-larose-trintaudon.fr\/en\/wp-json\/wp\/v2\/pages\/1457\/revisions\/2861"}],"up":[{"embeddable":true,"href":"https:\/\/www.chateau-larose-trintaudon.fr\/en\/wp-json\/wp\/v2\/pages\/1410"}],"wp:attachment":[{"href":"https:\/\/www.chateau-larose-trintaudon.fr\/en\/wp-json\/wp\/v2\/media?parent=1457"}],"curies":[{"name":"wp","href":"https:\/\/api.w.org\/{rel}","templated":true}]}}