{"id":1975,"date":"2020-06-18T09:16:17","date_gmt":"2020-06-18T07:16:17","guid":{"rendered":"https:\/\/www.chateau-larose-trintaudon.fr\/?page_id=1975"},"modified":"2023-03-09T15:04:36","modified_gmt":"2023-03-09T14:04:36","slug":"vintage-2018","status":"publish","type":"page","link":"http:\/\/www.chateau-larose-trintaudon.fr\/en\/chateau-larose-trintaudon\/vintage-2018\/","title":{"rendered":"2018"},"content":{"rendered":"","protected":false},"excerpt":{"rendered":"","protected":false},"author":2,"featured_media":0,"parent":1416,"menu_order":17,"comment_status":"closed","ping_status":"closed","template":"page-vin-millesime.php","meta":{"_acf_changed":false,"footnotes":""},"class_list":["post-1975","page","type-page","status-publish","hentry"],"acf":[],"yoast_head":"<!-- This site is optimized with the Yoast SEO plugin v27.4 - https:\/\/yoast.com\/product\/yoast-seo-wordpress\/ -->\n<title>2018 - Ch\u00e2teau Larose-Trintaudon<\/title>\n<meta name=\"description\" content=\"Couleur rubis fonc\u00e9, concentr\u00e9e. Un parfum de petits fruits rouges (fraise des bois, groseilles), de fleurs (violette) avec une l\u00e9g\u00e8re pointe \u00e9pic\u00e9e de muscade. L\u2019attaque en bouche est fraiche, ronde avec du volume. Sa texture est s\u00e9ductrice. La structure est d\u2019une tr\u00e8s belle \u00e9l\u00e9gance autour de tanins tr\u00e8s fins et raffin\u00e9s. Finale tr\u00e8s soyeuse tout en gardant une belle \u00e9nergie.\" \/>\n<meta name=\"robots\" content=\"index, follow, max-snippet:-1, max-image-preview:large, max-video-preview:-1\" \/>\n<link rel=\"canonical\" href=\"http:\/\/www.chateau-larose-trintaudon.fr\/en\/chateau-larose-trintaudon\/vintage-2018\/\" \/>\n<meta property=\"og:locale\" content=\"en_US\" \/>\n<meta property=\"og:type\" content=\"article\" \/>\n<meta property=\"og:title\" content=\"2018 - Ch\u00e2teau Larose-Trintaudon\" \/>\n<meta property=\"og:description\" content=\"Couleur rubis fonc\u00e9, concentr\u00e9e. Un parfum de petits fruits rouges (fraise des bois, groseilles), de fleurs (violette) avec une l\u00e9g\u00e8re pointe \u00e9pic\u00e9e de muscade. L\u2019attaque en bouche est fraiche, ronde avec du volume. Sa texture est s\u00e9ductrice. La structure est d\u2019une tr\u00e8s belle \u00e9l\u00e9gance autour de tanins tr\u00e8s fins et raffin\u00e9s. Finale tr\u00e8s soyeuse tout en gardant une belle \u00e9nergie.\" \/>\n<meta property=\"og:url\" content=\"http:\/\/www.chateau-larose-trintaudon.fr\/en\/chateau-larose-trintaudon\/vintage-2018\/\" \/>\n<meta property=\"og:site_name\" content=\"Ch\u00e2teau Larose-Trintaudon\" \/>\n<meta property=\"article:modified_time\" content=\"2023-03-09T14:04:36+00:00\" \/>\n<meta name=\"twitter:card\" content=\"summary_large_image\" \/>\n<script type=\"application\/ld+json\" class=\"yoast-schema-graph\">{\"@context\":\"https:\\\/\\\/schema.org\",\"@graph\":[{\"@type\":\"WebPage\",\"@id\":\"http:\\\/\\\/www.chateau-larose-trintaudon.fr\\\/en\\\/chateau-larose-trintaudon\\\/vintage-2018\\\/\",\"url\":\"http:\\\/\\\/www.chateau-larose-trintaudon.fr\\\/en\\\/chateau-larose-trintaudon\\\/vintage-2018\\\/\",\"name\":\"2018 - Ch\u00e2teau Larose-Trintaudon\",\"isPartOf\":{\"@id\":\"https:\\\/\\\/www.chateau-larose-trintaudon.fr\\\/#website\"},\"datePublished\":\"2020-06-18T07:16:17+00:00\",\"dateModified\":\"2023-03-09T14:04:36+00:00\",\"description\":\"Couleur rubis fonc\u00e9, concentr\u00e9e. Un parfum de petits fruits rouges (fraise des bois, groseilles), de fleurs (violette) avec une l\u00e9g\u00e8re pointe \u00e9pic\u00e9e de muscade. L\u2019attaque en bouche est fraiche, ronde avec du volume. Sa texture est s\u00e9ductrice. La structure est d\u2019une tr\u00e8s belle \u00e9l\u00e9gance autour de tanins tr\u00e8s fins et raffin\u00e9s. Finale tr\u00e8s soyeuse tout en gardant une belle \u00e9nergie.\",\"breadcrumb\":{\"@id\":\"http:\\\/\\\/www.chateau-larose-trintaudon.fr\\\/en\\\/chateau-larose-trintaudon\\\/vintage-2018\\\/#breadcrumb\"},\"inLanguage\":\"en-US\",\"potentialAction\":[{\"@type\":\"ReadAction\",\"target\":[\"http:\\\/\\\/www.chateau-larose-trintaudon.fr\\\/en\\\/chateau-larose-trintaudon\\\/vintage-2018\\\/\"]}]},{\"@type\":\"BreadcrumbList\",\"@id\":\"http:\\\/\\\/www.chateau-larose-trintaudon.fr\\\/en\\\/chateau-larose-trintaudon\\\/vintage-2018\\\/#breadcrumb\",\"itemListElement\":[{\"@type\":\"ListItem\",\"position\":1,\"name\":\"Accueil\",\"item\":\"https:\\\/\\\/www.chateau-larose-trintaudon.fr\\\/en\\\/\"},{\"@type\":\"ListItem\",\"position\":2,\"name\":\"Ch\u00e2teau Larose-Trintaudon\",\"item\":\"https:\\\/\\\/www.chateau-larose-trintaudon.fr\\\/en\\\/chateau-larose-trintaudon\\\/\"},{\"@type\":\"ListItem\",\"position\":3,\"name\":\"2018\"}]},{\"@type\":\"WebSite\",\"@id\":\"https:\\\/\\\/www.chateau-larose-trintaudon.fr\\\/#website\",\"url\":\"https:\\\/\\\/www.chateau-larose-trintaudon.fr\\\/\",\"name\":\"Ch\u00e2teau Larose-Trintaudon\",\"description\":\"Cru Bourgeois Sup\u00e9rieur\",\"publisher\":{\"@id\":\"https:\\\/\\\/www.chateau-larose-trintaudon.fr\\\/#organization\"},\"potentialAction\":[{\"@type\":\"SearchAction\",\"target\":{\"@type\":\"EntryPoint\",\"urlTemplate\":\"https:\\\/\\\/www.chateau-larose-trintaudon.fr\\\/?s={search_term_string}\"},\"query-input\":{\"@type\":\"PropertyValueSpecification\",\"valueRequired\":true,\"valueName\":\"search_term_string\"}}],\"inLanguage\":\"en-US\"},{\"@type\":\"Organization\",\"@id\":\"https:\\\/\\\/www.chateau-larose-trintaudon.fr\\\/#organization\",\"name\":\"Ch\u00e2teau Larose Trintaudon, Vignobles de Larose\",\"url\":\"https:\\\/\\\/www.chateau-larose-trintaudon.fr\\\/\",\"logo\":{\"@type\":\"ImageObject\",\"inLanguage\":\"en-US\",\"@id\":\"https:\\\/\\\/www.chateau-larose-trintaudon.fr\\\/#\\\/schema\\\/logo\\\/image\\\/\",\"url\":\"https:\\\/\\\/www.chateau-larose-trintaudon.fr\\\/wp-content\\\/uploads\\\/2020\\\/05\\\/logo.svg\",\"contentUrl\":\"https:\\\/\\\/www.chateau-larose-trintaudon.fr\\\/wp-content\\\/uploads\\\/2020\\\/05\\\/logo.svg\",\"width\":1,\"height\":1,\"caption\":\"Ch\u00e2teau Larose Trintaudon, Vignobles de Larose\"},\"image\":{\"@id\":\"https:\\\/\\\/www.chateau-larose-trintaudon.fr\\\/#\\\/schema\\\/logo\\\/image\\\/\"}}]}<\/script>\n<!-- \/ Yoast SEO plugin. -->","yoast_head_json":{"title":"2018 - Ch\u00e2teau Larose-Trintaudon","description":"Couleur rubis fonc\u00e9, concentr\u00e9e. Un parfum de petits fruits rouges (fraise des bois, groseilles), de fleurs (violette) avec une l\u00e9g\u00e8re pointe \u00e9pic\u00e9e de muscade. L\u2019attaque en bouche est fraiche, ronde avec du volume. Sa texture est s\u00e9ductrice. La structure est d\u2019une tr\u00e8s belle \u00e9l\u00e9gance autour de tanins tr\u00e8s fins et raffin\u00e9s. Finale tr\u00e8s soyeuse tout en gardant une belle \u00e9nergie.","robots":{"index":"index","follow":"follow","max-snippet":"max-snippet:-1","max-image-preview":"max-image-preview:large","max-video-preview":"max-video-preview:-1"},"canonical":"http:\/\/www.chateau-larose-trintaudon.fr\/en\/chateau-larose-trintaudon\/vintage-2018\/","og_locale":"en_US","og_type":"article","og_title":"2018 - Ch\u00e2teau Larose-Trintaudon","og_description":"Couleur rubis fonc\u00e9, concentr\u00e9e. Un parfum de petits fruits rouges (fraise des bois, groseilles), de fleurs (violette) avec une l\u00e9g\u00e8re pointe \u00e9pic\u00e9e de muscade. L\u2019attaque en bouche est fraiche, ronde avec du volume. Sa texture est s\u00e9ductrice. La structure est d\u2019une tr\u00e8s belle \u00e9l\u00e9gance autour de tanins tr\u00e8s fins et raffin\u00e9s. Finale tr\u00e8s soyeuse tout en gardant une belle \u00e9nergie.","og_url":"http:\/\/www.chateau-larose-trintaudon.fr\/en\/chateau-larose-trintaudon\/vintage-2018\/","og_site_name":"Ch\u00e2teau Larose-Trintaudon","article_modified_time":"2023-03-09T14:04:36+00:00","twitter_card":"summary_large_image","schema":{"@context":"https:\/\/schema.org","@graph":[{"@type":"WebPage","@id":"http:\/\/www.chateau-larose-trintaudon.fr\/en\/chateau-larose-trintaudon\/vintage-2018\/","url":"http:\/\/www.chateau-larose-trintaudon.fr\/en\/chateau-larose-trintaudon\/vintage-2018\/","name":"2018 - Ch\u00e2teau Larose-Trintaudon","isPartOf":{"@id":"https:\/\/www.chateau-larose-trintaudon.fr\/#website"},"datePublished":"2020-06-18T07:16:17+00:00","dateModified":"2023-03-09T14:04:36+00:00","description":"Couleur rubis fonc\u00e9, concentr\u00e9e. Un parfum de petits fruits rouges (fraise des bois, groseilles), de fleurs (violette) avec une l\u00e9g\u00e8re pointe \u00e9pic\u00e9e de muscade. L\u2019attaque en bouche est fraiche, ronde avec du volume. Sa texture est s\u00e9ductrice. La structure est d\u2019une tr\u00e8s belle \u00e9l\u00e9gance autour de tanins tr\u00e8s fins et raffin\u00e9s. Finale tr\u00e8s soyeuse tout en gardant une belle \u00e9nergie.","breadcrumb":{"@id":"http:\/\/www.chateau-larose-trintaudon.fr\/en\/chateau-larose-trintaudon\/vintage-2018\/#breadcrumb"},"inLanguage":"en-US","potentialAction":[{"@type":"ReadAction","target":["http:\/\/www.chateau-larose-trintaudon.fr\/en\/chateau-larose-trintaudon\/vintage-2018\/"]}]},{"@type":"BreadcrumbList","@id":"http:\/\/www.chateau-larose-trintaudon.fr\/en\/chateau-larose-trintaudon\/vintage-2018\/#breadcrumb","itemListElement":[{"@type":"ListItem","position":1,"name":"Accueil","item":"https:\/\/www.chateau-larose-trintaudon.fr\/en\/"},{"@type":"ListItem","position":2,"name":"Ch\u00e2teau Larose-Trintaudon","item":"https:\/\/www.chateau-larose-trintaudon.fr\/en\/chateau-larose-trintaudon\/"},{"@type":"ListItem","position":3,"name":"2018"}]},{"@type":"WebSite","@id":"https:\/\/www.chateau-larose-trintaudon.fr\/#website","url":"https:\/\/www.chateau-larose-trintaudon.fr\/","name":"Ch\u00e2teau Larose-Trintaudon","description":"Cru Bourgeois Sup\u00e9rieur","publisher":{"@id":"https:\/\/www.chateau-larose-trintaudon.fr\/#organization"},"potentialAction":[{"@type":"SearchAction","target":{"@type":"EntryPoint","urlTemplate":"https:\/\/www.chateau-larose-trintaudon.fr\/?s={search_term_string}"},"query-input":{"@type":"PropertyValueSpecification","valueRequired":true,"valueName":"search_term_string"}}],"inLanguage":"en-US"},{"@type":"Organization","@id":"https:\/\/www.chateau-larose-trintaudon.fr\/#organization","name":"Ch\u00e2teau Larose Trintaudon, Vignobles de Larose","url":"https:\/\/www.chateau-larose-trintaudon.fr\/","logo":{"@type":"ImageObject","inLanguage":"en-US","@id":"https:\/\/www.chateau-larose-trintaudon.fr\/#\/schema\/logo\/image\/","url":"https:\/\/www.chateau-larose-trintaudon.fr\/wp-content\/uploads\/2020\/05\/logo.svg","contentUrl":"https:\/\/www.chateau-larose-trintaudon.fr\/wp-content\/uploads\/2020\/05\/logo.svg","width":1,"height":1,"caption":"Ch\u00e2teau Larose Trintaudon, Vignobles de Larose"},"image":{"@id":"https:\/\/www.chateau-larose-trintaudon.fr\/#\/schema\/logo\/image\/"}}]}},"_links":{"self":[{"href":"http:\/\/www.chateau-larose-trintaudon.fr\/en\/wp-json\/wp\/v2\/pages\/1975","targetHints":{"allow":["GET"]}}],"collection":[{"href":"http:\/\/www.chateau-larose-trintaudon.fr\/en\/wp-json\/wp\/v2\/pages"}],"about":[{"href":"http:\/\/www.chateau-larose-trintaudon.fr\/en\/wp-json\/wp\/v2\/types\/page"}],"author":[{"embeddable":true,"href":"http:\/\/www.chateau-larose-trintaudon.fr\/en\/wp-json\/wp\/v2\/users\/2"}],"replies":[{"embeddable":true,"href":"http:\/\/www.chateau-larose-trintaudon.fr\/en\/wp-json\/wp\/v2\/comments?post=1975"}],"version-history":[{"count":11,"href":"http:\/\/www.chateau-larose-trintaudon.fr\/en\/wp-json\/wp\/v2\/pages\/1975\/revisions"}],"predecessor-version":[{"id":3182,"href":"http:\/\/www.chateau-larose-trintaudon.fr\/en\/wp-json\/wp\/v2\/pages\/1975\/revisions\/3182"}],"up":[{"embeddable":true,"href":"http:\/\/www.chateau-larose-trintaudon.fr\/en\/wp-json\/wp\/v2\/pages\/1416"}],"wp:attachment":[{"href":"http:\/\/www.chateau-larose-trintaudon.fr\/en\/wp-json\/wp\/v2\/media?parent=1975"}],"curies":[{"name":"wp","href":"https:\/\/api.w.org\/{rel}","templated":true}]}}